{"id":677,"date":"2024-10-10T02:42:50","date_gmt":"2024-10-10T00:42:50","guid":{"rendered":"https:\/\/blissbakery.es\/?page_id=677"},"modified":"2024-11-18T20:48:51","modified_gmt":"2024-11-18T19:48:51","slug":"sobre-mi","status":"publish","type":"page","link":"https:\/\/blissbakery.es\/en\/sobre-mi\/","title":{"rendered":"About me"},"content":{"rendered":"<div data-elementor-type=\"wp-page\" data-elementor-id=\"677\" class=\"elementor elementor-677\" data-elementor-post-type=\"page\">\n\t\t\t\t\t\t<section class=\"elementor-section elementor-top-section elementor-element elementor-element-174011cf elementor-reverse-mobile elementor-section-height-min-height elementor-section-boxed elementor-section-height-default elementor-section-items-middle\" data-id=\"174011cf\" data-element_type=\"section\" data-e-type=\"section\">\n\t\t\t\t\t\t\t<div class=\"elementor-background-overlay\"><\/div>\n\t\t\t\t\t\t\t<div class=\"elementor-container elementor-column-gap-default\">\n\t\t\t\t\t<div class=\"elementor-column elementor-col-50 elementor-top-column elementor-element elementor-element-b3cc3d9\" data-id=\"b3cc3d9\" data-element_type=\"column\" data-e-type=\"column\" data-settings=\"{&quot;background_background&quot;:&quot;classic&quot;}\">\n\t\t\t<div class=\"elementor-widget-wrap elementor-element-populated\">\n\t\t\t\t\t\t<div class=\"elementor-element elementor-element-d95c32a de_scroll_animation_no elementor-widget elementor-widget-image\" data-id=\"d95c32a\" data-element_type=\"widget\" data-e-type=\"widget\" data-widget_type=\"image.default\">\n\t\t\t\t<div class=\"elementor-widget-container\">\n\t\t\t\t\t\t\t\t\t\t\t\t\t\t\t<img fetchpriority=\"high\" decoding=\"async\" width=\"768\" height=\"1024\" src=\"https:\/\/blissbakery.es\/wp-content\/uploads\/2024\/10\/IMG_1762-768x1024.jpg\" class=\"attachment-large size-large wp-image-1034\" alt=\"\" srcset=\"https:\/\/blissbakery.es\/wp-content\/uploads\/2024\/10\/IMG_1762-768x1024.jpg 768w, https:\/\/blissbakery.es\/wp-content\/uploads\/2024\/10\/IMG_1762-225x300.jpg 225w, https:\/\/blissbakery.es\/wp-content\/uploads\/2024\/10\/IMG_1762-1152x1536.jpg 1152w, https:\/\/blissbakery.es\/wp-content\/uploads\/2024\/10\/IMG_1762-9x12.jpg 9w, https:\/\/blissbakery.es\/wp-content\/uploads\/2024\/10\/IMG_1762.jpg 1536w\" sizes=\"(max-width: 768px) 100vw, 768px\" \/>\t\t\t\t\t\t\t\t\t\t\t\t\t\t\t<\/div>\n\t\t\t\t<\/div>\n\t\t\t\t\t<\/div>\n\t\t<\/div>\n\t\t\t\t<div class=\"elementor-column elementor-col-50 elementor-top-column elementor-element elementor-element-442b3c0c\" data-id=\"442b3c0c\" data-element_type=\"column\" data-e-type=\"column\">\n\t\t\t<div class=\"elementor-widget-wrap elementor-element-populated\">\n\t\t\t\t\t\t<div class=\"elementor-element elementor-element-78c82d6e de_scroll_animation_no elementor-invisible elementor-widget elementor-widget-text-editor\" data-id=\"78c82d6e\" data-element_type=\"widget\" data-e-type=\"widget\" data-settings=\"{&quot;_animation&quot;:&quot;fadeIn&quot;}\" data-widget_type=\"text-editor.default\">\n\t\t\t\t<div class=\"elementor-widget-container\">\n\t\t\t\t\t\t\t\t\t<p>bliss bakery<\/p>\t\t\t\t\t\t\t\t<\/div>\n\t\t\t\t<\/div>\n\t\t\t\t<div class=\"elementor-element elementor-element-31c802bd de_scroll_animation_no elementor-invisible elementor-widget elementor-widget-heading\" data-id=\"31c802bd\" data-element_type=\"widget\" data-e-type=\"widget\" data-settings=\"{&quot;_animation&quot;:&quot;fadeIn&quot;,&quot;_animation_delay&quot;:200}\" data-widget_type=\"heading.default\">\n\t\t\t\t<div class=\"elementor-widget-container\">\n\t\t\t\t\t<h1 class=\"elementor-heading-title elementor-size-default\">About me<\/h1>\t\t\t\t<\/div>\n\t\t\t\t<\/div>\n\t\t\t\t<div class=\"elementor-element elementor-element-171f48da de_scroll_animation_no elementor-invisible elementor-widget elementor-widget-text-editor\" data-id=\"171f48da\" data-element_type=\"widget\" data-e-type=\"widget\" data-settings=\"{&quot;_animation&quot;:&quot;fadeIn&quot;,&quot;_animation_delay&quot;:400}\" data-widget_type=\"text-editor.default\">\n\t\t\t\t<div class=\"elementor-widget-container\">\n\t\t\t\t\t\t\t\t\t<p>Soy Andrea, chef creadora de Bliss Bakery.<\/p><p>Mi pasi\u00f3n por la cocina viene desde muy peque\u00f1a, siempre rondaba alrededor de mi madre curioseando y metiendo las manos en la masa. Cuando ten\u00eda once a\u00f1os fui al cine a ver la pel\u00edcula de Ratatouille y al salir dije \u201cPap\u00e1, yo de mayor quiero ser chef\u201d. Desde entonces esa vocaci\u00f3n no se sali\u00f3 de mi cabeza.<\/p><p>Despu\u00e9s de estudiar la carrera de marketing y hacer pr\u00e1cticas me d\u00ed cuenta de que lo que era mi pasi\u00f3n quer\u00eda que fuese mi profesi\u00f3n. Me puse a estudiar en Le Cordon Bleu Madrid y acud\u00ed tambi\u00e9n a la Basque Culinary Center en San Sebasti\u00e1n.<\/p><p>Tras trabajar en diferentes pasteler\u00edas algunas de reconocido como L \u0301Atelier Barcelona y colaborar en varios caterings, decid\u00ed comenzar este proyecto.<\/p><p>En 2020 naci\u00f3 Bliss Bakery con mucha ilusi\u00f3n y ganas de endulzar cada momento.<\/p>\t\t\t\t\t\t\t\t<\/div>\n\t\t\t\t<\/div>\n\t\t\t\t<div class=\"elementor-element elementor-element-2ab75ab1 elementor-mobile-align-center de_scroll_animation_no elementor-invisible elementor-widget elementor-widget-button\" data-id=\"2ab75ab1\" data-element_type=\"widget\" data-e-type=\"widget\" data-settings=\"{&quot;_animation&quot;:&quot;fadeIn&quot;,&quot;_animation_delay&quot;:600}\" data-widget_type=\"button.default\">\n\t\t\t\t<div class=\"elementor-widget-container\">\n\t\t\t\t\t\t\t\t\t<div class=\"elementor-button-wrapper\">\n\t\t\t\t\t<a class=\"elementor-button elementor-button-link elementor-size-sm\" href=\"\/en\/contact\/\">\n\t\t\t\t\t\t<span class=\"elementor-button-content-wrapper\">\n\t\t\t\t\t\t\t\t\t<span class=\"elementor-button-text\">Contact<\/span>\n\t\t\t\t\t<\/span>\n\t\t\t\t\t<\/a>\n\t\t\t\t<\/div>\n\t\t\t\t\t\t\t\t<\/div>\n\t\t\t\t<\/div>\n\t\t\t\t\t<\/div>\n\t\t<\/div>\n\t\t\t\t\t<\/div>\n\t\t<\/section>\n\t\t\t\t<\/div>","protected":false},"excerpt":{"rendered":"<p>bliss bakery Sobre m\u00ed Soy Andrea, chef creadora de Bliss Bakery. Mi pasi\u00f3n por la cocina viene desde muy peque\u00f1a, siempre rondaba alrededor de mi madre curioseando y metiendo las manos en la masa. Cuando ten\u00eda once a\u00f1os fui al cine a ver la pel\u00edcula de Ratatouille y al salir dije \u201cPap\u00e1, yo de mayor [&hellip;]<\/p>","protected":false},"author":1,"featured_media":0,"parent":0,"menu_order":0,"comment_status":"closed","ping_status":"closed","template":"","meta":{"footnotes":""},"class_list":["post-677","page","type-page","status-publish","hentry"],"_links":{"self":[{"href":"https:\/\/blissbakery.es\/en\/wp-json\/wp\/v2\/pages\/677","targetHints":{"allow":["GET"]}}],"collection":[{"href":"https:\/\/blissbakery.es\/en\/wp-json\/wp\/v2\/pages"}],"about":[{"href":"https:\/\/blissbakery.es\/en\/wp-json\/wp\/v2\/types\/page"}],"author":[{"embeddable":true,"href":"https:\/\/blissbakery.es\/en\/wp-json\/wp\/v2\/users\/1"}],"replies":[{"embeddable":true,"href":"https:\/\/blissbakery.es\/en\/wp-json\/wp\/v2\/comments?post=677"}],"version-history":[{"count":56,"href":"https:\/\/blissbakery.es\/en\/wp-json\/wp\/v2\/pages\/677\/revisions"}],"predecessor-version":[{"id":1207,"href":"https:\/\/blissbakery.es\/en\/wp-json\/wp\/v2\/pages\/677\/revisions\/1207"}],"wp:attachment":[{"href":"https:\/\/blissbakery.es\/en\/wp-json\/wp\/v2\/media?parent=677"}],"curies":[{"name":"wp","href":"https:\/\/api.w.org\/{rel}","templated":true}]}}