{"id":870,"date":"2024-10-10T20:31:17","date_gmt":"2024-10-10T18:31:17","guid":{"rendered":"https:\/\/blissbakery.es\/?page_id=870"},"modified":"2024-10-10T20:31:17","modified_gmt":"2024-10-10T18:31:17","slug":"cookie-policy","status":"publish","type":"page","link":"https:\/\/blissbakery.es\/en\/cookie-policy\/","title":{"rendered":"Pol\u00edtica de Cookies"},"content":{"rendered":"<p>A cookie is a small text file that is stored on your browser or device when you visit a website. Cookies allow the website to remember your actions and preferences over a period of time, so you don't have to re-set them each time you access the website.<\/p>\n<hr \/>\n<h3><strong>Types of cookies we use<\/strong><\/h3>\n<p>At <strong>blissbakery.co.uk<\/strong>We use different types of cookies for the following purposes:<\/p>\n<ol>\n<li><strong>Technical or necessary cookies<\/strong><br \/>\nThese cookies are essential for the proper functioning of the website and allow you to browse the site and use its features. Without these cookies, certain services would not be available.<\/li>\n<li><strong>Personalisation cookies<\/strong><br \/>\nThese cookies allow the site to remember your choices (such as language or the region you are in) and provide enhanced, personalised features.<\/li>\n<li><strong>Analytics cookies<\/strong><br \/>\nWe use third-party cookies, such as Google Analytics, to collect information about how users use our website. This data helps us to improve the way the site works, find out which sections are most visited and analyse patterns of behaviour.<\/li>\n<li><strong>Advertising and tracking cookies<\/strong><br \/>\nThese cookies are used to show you relevant ads based on your interests. They also allow us to measure the effectiveness of our advertising campaigns. These cookies may be set by third parties, such as ad networks, with our permission.<\/li>\n<\/ol>\n<hr \/>\n<h3><strong>Third party cookies<\/strong><\/h3>\n<p>Some of the cookies we use are provided by third party services. For example, <strong>Google Analytics<\/strong> uses cookies to help us analyse how users browse our website. Third party cookies are subject to the privacy policies of those services.<\/p>\n<hr \/>\n<h3><strong>Cookie management<\/strong><\/h3>\n<p>You have the option to allow, block or delete cookies installed on your device through your browser settings. Please note that if you disable cookies, some parts of the site may not function properly.<\/p>\n<p>Here are links to how to manage cookies in the main browsers:<\/p>\n<ul>\n<li><strong>Google Chrome<\/strong>: <a target=\"_new\" rel=\"noopener\">Manage cookies in Chrome<\/a><\/li>\n<li><strong>Mozilla Firefox<\/strong>: <a href=\"https:\/\/support.mozilla.org\/es\/kb\/habilitar-y-deshabilitar-cookies-sitios-web-rastrear-preferencias\" target=\"_new\" rel=\"noopener\">Manage cookies in Firefox<\/a><\/li>\n<li><strong>Safari<\/strong>: <a href=\"https:\/\/support.apple.com\/es-es\/guide\/safari\/sfri11471\/mac\" target=\"_new\" rel=\"noopener\">Managing cookies in Safari<\/a><\/li>\n<li><strong>Microsoft Edge<\/strong>: <a href=\"https:\/\/support.microsoft.com\/es-es\/help\/4027947\/microsoft-edge-delete-cookies\" target=\"_new\" rel=\"noopener\">Manage cookies in Edge<\/a><\/li>\n<\/ul>\n<p>In addition, many advertising tools allow you to opt out of interest-based advertising. For more information on how to disable these cookies, please visit:<\/p>\n<ul>\n<li><strong>Your Online Choices<\/strong>: <a target=\"_new\" rel=\"noopener\">www.youronlinechoices.com<\/a><\/li>\n<\/ul>\n<hr \/>\n<h3><strong>Consent<\/strong><\/h3>\n<p>By browsing and continuing on our website, you agree to the use of the cookies described in this Cookie Policy. You can withdraw your consent at any time by deleting the cookies stored on your device through your browser settings.<\/p>\n<hr \/>\n<h3><strong>Changes to the Cookie Policy<\/strong><\/h3>\n<p><strong>Bliss Bakery<\/strong> reserves the right to modify this Cookies Policy to adapt it to future legislative developments or changes in the use of cookies. We recommend that you review this policy periodically.<\/p>\n<hr \/>\n<h3><strong>Contact<\/strong><\/h3>\n<p>If you have any questions about our Cookie Policy or how we manage cookies on our website, you can contact us by email or by calling 650 08 11 46.<\/p>","protected":false},"excerpt":{"rendered":"<p>Una cookie es un peque\u00f1o archivo de texto que se almacena en tu navegador o dispositivo cuando visitas una p\u00e1gina web. Las cookies permiten que el sitio web recuerde tus acciones y preferencias durante un per\u00edodo de tiempo, para que no tengas que volver a configurarlas cada vez que accedas a la web. Tipos de [&hellip;]<\/p>","protected":false},"author":1,"featured_media":0,"parent":0,"menu_order":0,"comment_status":"closed","ping_status":"closed","template":"","meta":{"footnotes":""},"class_list":["post-870","page","type-page","status-publish","hentry"],"_links":{"self":[{"href":"https:\/\/blissbakery.es\/en\/wp-json\/wp\/v2\/pages\/870","targetHints":{"allow":["GET"]}}],"collection":[{"href":"https:\/\/blissbakery.es\/en\/wp-json\/wp\/v2\/pages"}],"about":[{"href":"https:\/\/blissbakery.es\/en\/wp-json\/wp\/v2\/types\/page"}],"author":[{"embeddable":true,"href":"https:\/\/blissbakery.es\/en\/wp-json\/wp\/v2\/users\/1"}],"replies":[{"embeddable":true,"href":"https:\/\/blissbakery.es\/en\/wp-json\/wp\/v2\/comments?post=870"}],"version-history":[{"count":1,"href":"https:\/\/blissbakery.es\/en\/wp-json\/wp\/v2\/pages\/870\/revisions"}],"predecessor-version":[{"id":871,"href":"https:\/\/blissbakery.es\/en\/wp-json\/wp\/v2\/pages\/870\/revisions\/871"}],"wp:attachment":[{"href":"https:\/\/blissbakery.es\/en\/wp-json\/wp\/v2\/media?parent=870"}],"curies":[{"name":"wp","href":"https:\/\/api.w.org\/{rel}","templated":true}]}}