{"id":1067,"date":"2024-10-24T19:02:24","date_gmt":"2024-10-24T17:02:24","guid":{"rendered":"https:\/\/blissbakery.es\/?post_type=product&#038;p=1067"},"modified":"2024-11-13T17:00:09","modified_gmt":"2024-11-13T16:00:09","slug":"bizcocho-de-limon","status":"publish","type":"product","link":"https:\/\/blissbakery.es\/en\/product\/bizcocho-de-limon\/","title":{"rendered":"Bizcocho de lim\u00f3n"},"content":{"rendered":"<p>Todo el sabor del lim\u00f3n en un bizcocho muy esponjoso.<\/p>\n<h5>Al\u00e9rgenos: huevo, gluten, l\u00e1cteos. Puede contener trazas de s\u00e9samo, y frutos secos.<\/h5>\n<h5>300 gramos.<\/h5>\n<p>&nbsp;<\/p>","protected":false},"excerpt":{"rendered":"<p>Todo el sabor del lim\u00f3n en un bizcocho muy esponjoso.<\/p>\n<h5>Al\u00e9rgenos: huevo, gluten, l\u00e1cteos. Puede contener trazas de s\u00e9samo, y frutos secos.<\/h5>","protected":false},"featured_media":1068,"template":"","meta":[],"product_brand":[],"product_cat":[28],"product_tag":[],"class_list":{"0":"post-1067","1":"product","2":"type-product","3":"status-publish","4":"has-post-thumbnail","6":"product_cat-otros","8":"first","9":"instock","10":"taxable","11":"shipping-taxable","12":"purchasable","13":"product-type-simple"},"_links":{"self":[{"href":"https:\/\/blissbakery.es\/en\/wp-json\/wp\/v2\/product\/1067","targetHints":{"allow":["GET"]}}],"collection":[{"href":"https:\/\/blissbakery.es\/en\/wp-json\/wp\/v2\/product"}],"about":[{"href":"https:\/\/blissbakery.es\/en\/wp-json\/wp\/v2\/types\/product"}],"wp:featuredmedia":[{"embeddable":true,"href":"https:\/\/blissbakery.es\/en\/wp-json\/wp\/v2\/media\/1068"}],"wp:attachment":[{"href":"https:\/\/blissbakery.es\/en\/wp-json\/wp\/v2\/media?parent=1067"}],"wp:term":[{"taxonomy":"product_brand","embeddable":true,"href":"https:\/\/blissbakery.es\/en\/wp-json\/wp\/v2\/product_brand?post=1067"},{"taxonomy":"product_cat","embeddable":true,"href":"https:\/\/blissbakery.es\/en\/wp-json\/wp\/v2\/product_cat?post=1067"},{"taxonomy":"product_tag","embeddable":true,"href":"https:\/\/blissbakery.es\/en\/wp-json\/wp\/v2\/product_tag?post=1067"}],"curies":[{"name":"wp","href":"https:\/\/api.w.org\/{rel}","templated":true}]}}