{"id":601,"date":"2024-10-10T01:01:11","date_gmt":"2024-10-09T23:01:11","guid":{"rendered":"https:\/\/blissbakery.es\/?post_type=product&#038;p=601"},"modified":"2025-12-01T14:22:55","modified_gmt":"2025-12-01T13:22:55","slug":"tarta-de-queso-al-horno","status":"publish","type":"product","link":"https:\/\/blissbakery.es\/en\/product\/tarta-de-queso-al-horno\/","title":{"rendered":"Baked cheesecake"},"content":{"rendered":"<p>La mejor tarta para terminar cualquier comida. Cremosa tarta de queso con un toque de manchego curado y base de galleta de mantequilla.<\/p>\n<h5>Al\u00e9rgenos: huevo, gluten, l\u00e1cteos. Puede contener trazas de s\u00e9samo y frutos secos.<\/h5>","protected":false},"excerpt":{"rendered":"<p>La mejor tarta para terminar cualquier comida. Cremosa tarta de queso con un toque manchego curado y base de galleta de mantequilla.<\/p>\n<h5>Al\u00e9rgenos: huevo, gluten, l\u00e1cteos. Puede contener trazas de s\u00e9samo y frutos secos.<\/h5>","protected":false},"featured_media":1741,"template":"","meta":[],"product_brand":[],"product_cat":[25],"product_tag":[],"class_list":{"0":"post-601","1":"product","2":"type-product","3":"status-publish","4":"has-post-thumbnail","6":"product_cat-tartas","8":"first","9":"instock","10":"taxable","11":"shipping-taxable","12":"purchasable","13":"product-type-variable"},"_links":{"self":[{"href":"https:\/\/blissbakery.es\/en\/wp-json\/wp\/v2\/product\/601","targetHints":{"allow":["GET"]}}],"collection":[{"href":"https:\/\/blissbakery.es\/en\/wp-json\/wp\/v2\/product"}],"about":[{"href":"https:\/\/blissbakery.es\/en\/wp-json\/wp\/v2\/types\/product"}],"wp:featuredmedia":[{"embeddable":true,"href":"https:\/\/blissbakery.es\/en\/wp-json\/wp\/v2\/media\/1741"}],"wp:attachment":[{"href":"https:\/\/blissbakery.es\/en\/wp-json\/wp\/v2\/media?parent=601"}],"wp:term":[{"taxonomy":"product_brand","embeddable":true,"href":"https:\/\/blissbakery.es\/en\/wp-json\/wp\/v2\/product_brand?post=601"},{"taxonomy":"product_cat","embeddable":true,"href":"https:\/\/blissbakery.es\/en\/wp-json\/wp\/v2\/product_cat?post=601"},{"taxonomy":"product_tag","embeddable":true,"href":"https:\/\/blissbakery.es\/en\/wp-json\/wp\/v2\/product_tag?post=601"}],"curies":[{"name":"wp","href":"https:\/\/api.w.org\/{rel}","templated":true}]}}