{"id":613,"date":"2024-10-10T01:16:25","date_gmt":"2024-10-09T23:16:25","guid":{"rendered":"https:\/\/blissbakery.es\/producto\/tarta-de-zanahoria-8-10-raciones\/"},"modified":"2025-12-01T14:24:29","modified_gmt":"2025-12-01T13:24:29","slug":"tarta-de-zanahoria","status":"publish","type":"product","link":"https:\/\/blissbakery.es\/en\/product\/tarta-de-zanahoria\/","title":{"rendered":"Carrot cake"},"content":{"rendered":"<p>La cl\u00e1sica carrot cake, hecha con zanahoria rallada al momento, compuesta por dos bizcochos esponjosos cubiertos de un frosting suave de queso.<\/p>\n<h5>Al\u00e9rgenos: huevo, gluten, l\u00e1cteos. Puede contener trazas de s\u00e9samo y frutos secos<\/h5>","protected":false},"excerpt":{"rendered":"<p>La cl\u00e1sica carrot cake, hecha con zanahoria rallada al momento, compuesta por dos bizcochos esponjosos cubiertos de un frosting suave de queso.<\/p>\n<h5>Al\u00e9rgenos: huevo, gluten, l\u00e1cteos. Puede contener trazas de s\u00e9samo y frutos secos<\/h5>","protected":false},"featured_media":1727,"template":"","meta":[],"product_brand":[],"product_cat":[25],"product_tag":[],"class_list":{"0":"post-613","1":"product","2":"type-product","3":"status-publish","4":"has-post-thumbnail","6":"product_cat-tartas","8":"first","9":"instock","10":"taxable","11":"shipping-taxable","12":"purchasable","13":"product-type-variable"},"_links":{"self":[{"href":"https:\/\/blissbakery.es\/en\/wp-json\/wp\/v2\/product\/613","targetHints":{"allow":["GET"]}}],"collection":[{"href":"https:\/\/blissbakery.es\/en\/wp-json\/wp\/v2\/product"}],"about":[{"href":"https:\/\/blissbakery.es\/en\/wp-json\/wp\/v2\/types\/product"}],"wp:featuredmedia":[{"embeddable":true,"href":"https:\/\/blissbakery.es\/en\/wp-json\/wp\/v2\/media\/1727"}],"wp:attachment":[{"href":"https:\/\/blissbakery.es\/en\/wp-json\/wp\/v2\/media?parent=613"}],"wp:term":[{"taxonomy":"product_brand","embeddable":true,"href":"https:\/\/blissbakery.es\/en\/wp-json\/wp\/v2\/product_brand?post=613"},{"taxonomy":"product_cat","embeddable":true,"href":"https:\/\/blissbakery.es\/en\/wp-json\/wp\/v2\/product_cat?post=613"},{"taxonomy":"product_tag","embeddable":true,"href":"https:\/\/blissbakery.es\/en\/wp-json\/wp\/v2\/product_tag?post=613"}],"curies":[{"name":"wp","href":"https:\/\/api.w.org\/{rel}","templated":true}]}}