{"id":616,"date":"2024-10-10T01:16:25","date_gmt":"2024-10-09T23:16:25","guid":{"rendered":"https:\/\/blissbakery.es\/producto\/tarta-de-lima-y-galleta-8-10-raciones\/"},"modified":"2025-12-01T14:19:14","modified_gmt":"2025-12-01T13:19:14","slug":"tarta-de-lima-y-galleta-8-10-raciones","status":"publish","type":"product","link":"https:\/\/blissbakery.es\/en\/product\/tarta-de-lima-y-galleta-8-10-raciones\/","title":{"rendered":"Tarta de lima y galleta"},"content":{"rendered":"<p>Fresca y suave, la combinaci\u00f3n perfecta: compuesta por un cremoso de lima sobre una base de galleta de mantequilla.<\/p>\n<h5>Al\u00e9rgenos: gluten, l\u00e1cteos. Puede contener trazas de s\u00e9samo y frutos secos.<\/h5>","protected":false},"excerpt":{"rendered":"<p>Fresca y suave, la combinaci\u00f3n perfecta: compuesta por un cremoso de lima sobre una base de galleta de mantequilla.<\/p>\n<h5>Al\u00e9rgenos: gluten, l\u00e1cteos. Puede contener trazas de s\u00e9samo y frutos secos.<\/h5>","protected":false},"featured_media":768,"template":"","meta":[],"product_brand":[],"product_cat":[25],"product_tag":[],"class_list":{"0":"post-616","1":"product","2":"type-product","3":"status-publish","4":"has-post-thumbnail","6":"product_cat-tartas","8":"first","9":"instock","10":"taxable","11":"shipping-taxable","12":"purchasable","13":"product-type-variable"},"_links":{"self":[{"href":"https:\/\/blissbakery.es\/en\/wp-json\/wp\/v2\/product\/616","targetHints":{"allow":["GET"]}}],"collection":[{"href":"https:\/\/blissbakery.es\/en\/wp-json\/wp\/v2\/product"}],"about":[{"href":"https:\/\/blissbakery.es\/en\/wp-json\/wp\/v2\/types\/product"}],"wp:featuredmedia":[{"embeddable":true,"href":"https:\/\/blissbakery.es\/en\/wp-json\/wp\/v2\/media\/768"}],"wp:attachment":[{"href":"https:\/\/blissbakery.es\/en\/wp-json\/wp\/v2\/media?parent=616"}],"wp:term":[{"taxonomy":"product_brand","embeddable":true,"href":"https:\/\/blissbakery.es\/en\/wp-json\/wp\/v2\/product_brand?post=616"},{"taxonomy":"product_cat","embeddable":true,"href":"https:\/\/blissbakery.es\/en\/wp-json\/wp\/v2\/product_cat?post=616"},{"taxonomy":"product_tag","embeddable":true,"href":"https:\/\/blissbakery.es\/en\/wp-json\/wp\/v2\/product_tag?post=616"}],"curies":[{"name":"wp","href":"https:\/\/api.w.org\/{rel}","templated":true}]}}