{"id":618,"date":"2024-10-10T01:16:25","date_gmt":"2024-10-09T23:16:25","guid":{"rendered":"https:\/\/blissbakery.es\/producto\/tarta-de-chocolate-sin-harina-8-10-raciones\/"},"modified":"2025-12-01T14:18:06","modified_gmt":"2025-12-01T13:18:06","slug":"tarta-de-chocolate-sin-harina","status":"publish","type":"product","link":"https:\/\/blissbakery.es\/en\/product\/tarta-de-chocolate-sin-harina\/","title":{"rendered":"Flourless chocolate cake"},"content":{"rendered":"<p>Para los amantes del chocolate&#8230; Esta tarta est\u00e1 para derretirse. Hecha con chocolate 72% de cacao y sin harinas. Pru\u00e9bala calentita y con un poco de helado.<\/p>\n<h5>Al\u00e9rgenos: huevo, l\u00e1cteos. Puede contener trazas de s\u00e9samo, gluten, frutos secos y soja.<\/h5>","protected":false},"excerpt":{"rendered":"<p>Para los amantes del chocolate&#8230; Esta tarta est\u00e1 para derretirse. Hecha con chocolate 72% de cacao y sin harinas. Pru\u00e9bala calentita y con un poco de helado.<\/p>\n<h5>Al\u00e9rgenos: huevo, l\u00e1cteos. Puede contener trazas de s\u00e9samo, gluten, frutos secos y soja.<\/h5>","protected":false},"featured_media":1735,"template":"","meta":[],"product_brand":[],"product_cat":[25],"product_tag":[],"class_list":{"0":"post-618","1":"product","2":"type-product","3":"status-publish","4":"has-post-thumbnail","6":"product_cat-tartas","8":"first","9":"instock","10":"taxable","11":"shipping-taxable","12":"purchasable","13":"product-type-variable"},"_links":{"self":[{"href":"https:\/\/blissbakery.es\/en\/wp-json\/wp\/v2\/product\/618","targetHints":{"allow":["GET"]}}],"collection":[{"href":"https:\/\/blissbakery.es\/en\/wp-json\/wp\/v2\/product"}],"about":[{"href":"https:\/\/blissbakery.es\/en\/wp-json\/wp\/v2\/types\/product"}],"wp:featuredmedia":[{"embeddable":true,"href":"https:\/\/blissbakery.es\/en\/wp-json\/wp\/v2\/media\/1735"}],"wp:attachment":[{"href":"https:\/\/blissbakery.es\/en\/wp-json\/wp\/v2\/media?parent=618"}],"wp:term":[{"taxonomy":"product_brand","embeddable":true,"href":"https:\/\/blissbakery.es\/en\/wp-json\/wp\/v2\/product_brand?post=618"},{"taxonomy":"product_cat","embeddable":true,"href":"https:\/\/blissbakery.es\/en\/wp-json\/wp\/v2\/product_cat?post=618"},{"taxonomy":"product_tag","embeddable":true,"href":"https:\/\/blissbakery.es\/en\/wp-json\/wp\/v2\/product_tag?post=618"}],"curies":[{"name":"wp","href":"https:\/\/api.w.org\/{rel}","templated":true}]}}