{"id":619,"date":"2024-10-10T01:16:25","date_gmt":"2024-10-09T23:16:25","guid":{"rendered":"https:\/\/blissbakery.es\/producto\/tarta-con-crema-de-limon-y-merengue-8-10-raciones\/"},"modified":"2025-12-01T14:17:01","modified_gmt":"2025-12-01T13:17:01","slug":"tarta-con-crema-de-limon-y-merengue-8-10-raciones","status":"publish","type":"product","link":"https:\/\/blissbakery.es\/en\/product\/tarta-con-crema-de-limon-y-merengue-8-10-raciones\/","title":{"rendered":"Tarta con crema de lim\u00f3n y merengue"},"content":{"rendered":"<p>Una cl\u00e1sica que no pod\u00eda faltar. Masa sable crujiente, cremoso de lim\u00f3n hecho a fuego lento y merengue tostado por encima.<\/p>\n<h5>Al\u00e9rgenos: huevo, gluten, l\u00e1cteos, frutos secos Puede contener trazas de s\u00e9samo.<\/h5>","protected":false},"excerpt":{"rendered":"<p>Una cl\u00e1sica que no pod\u00eda faltar. Masa sable crujiente, cremoso de lim\u00f3n hecho a fuego lento y merengue tostado por encima.<\/p>\n<h5>Al\u00e9rgenos: huevo, gluten, l\u00e1cteos, frutos secos Puede contener trazas de s\u00e9samo.<\/h5>","protected":false},"featured_media":1732,"template":"","meta":[],"product_brand":[],"product_cat":[25],"product_tag":[],"class_list":{"0":"post-619","1":"product","2":"type-product","3":"status-publish","4":"has-post-thumbnail","6":"product_cat-tartas","8":"first","9":"instock","10":"taxable","11":"shipping-taxable","12":"purchasable","13":"product-type-simple"},"_links":{"self":[{"href":"https:\/\/blissbakery.es\/en\/wp-json\/wp\/v2\/product\/619","targetHints":{"allow":["GET"]}}],"collection":[{"href":"https:\/\/blissbakery.es\/en\/wp-json\/wp\/v2\/product"}],"about":[{"href":"https:\/\/blissbakery.es\/en\/wp-json\/wp\/v2\/types\/product"}],"wp:featuredmedia":[{"embeddable":true,"href":"https:\/\/blissbakery.es\/en\/wp-json\/wp\/v2\/media\/1732"}],"wp:attachment":[{"href":"https:\/\/blissbakery.es\/en\/wp-json\/wp\/v2\/media?parent=619"}],"wp:term":[{"taxonomy":"product_brand","embeddable":true,"href":"https:\/\/blissbakery.es\/en\/wp-json\/wp\/v2\/product_brand?post=619"},{"taxonomy":"product_cat","embeddable":true,"href":"https:\/\/blissbakery.es\/en\/wp-json\/wp\/v2\/product_cat?post=619"},{"taxonomy":"product_tag","embeddable":true,"href":"https:\/\/blissbakery.es\/en\/wp-json\/wp\/v2\/product_tag?post=619"}],"curies":[{"name":"wp","href":"https:\/\/api.w.org\/{rel}","templated":true}]}}