{"id":620,"date":"2024-10-10T01:16:25","date_gmt":"2024-10-09T23:16:25","guid":{"rendered":"https:\/\/blissbakery.es\/producto\/clasico-con-fresas\/"},"modified":"2025-12-01T14:15:13","modified_gmt":"2025-12-01T13:15:13","slug":"classic-with-strawberries","status":"publish","type":"product","link":"https:\/\/blissbakery.es\/en\/product\/classic-with-strawberries\/","title":{"rendered":"Mostach\u00f3n Cl\u00e1sico con fresas"},"content":{"rendered":"<p>Probablemente una de las tartas m\u00e1s originales que habr\u00e1s probado y sin duda mi especialidad. Una base crujiente de merengue horneado con galletas y nueces, con una crema ligera de queso y vainilla, cubierto con fresas o fruta de temporada.<\/p>\n<h5>Al\u00e9rgenos: huevo, gluten, l\u00e1cteos y frutos secos. Puede contener trazas de s\u00e9samo.<\/h5>","protected":false},"excerpt":{"rendered":"<p>Probablemente una de las tartas m\u00e1s originales que habr\u00e1s probado y sin duda mi especialidad. Una base crujiente de merengue horneado con galletas y nueces, con una crema ligera de queso y vainilla, cubierto con fresas o frutas de temporada.<\/p>\n<h5>Al\u00e9rgenos: huevo, gluten, l\u00e1cteos y frutos secos. Puede contener trazas de s\u00e9samo.<\/h5>","protected":false},"featured_media":1721,"template":"","meta":[],"product_brand":[],"product_cat":[25],"product_tag":[],"class_list":{"0":"post-620","1":"product","2":"type-product","3":"status-publish","4":"has-post-thumbnail","6":"product_cat-tartas","8":"first","9":"instock","10":"taxable","11":"shipping-taxable","12":"purchasable","13":"product-type-simple"},"_links":{"self":[{"href":"https:\/\/blissbakery.es\/en\/wp-json\/wp\/v2\/product\/620","targetHints":{"allow":["GET"]}}],"collection":[{"href":"https:\/\/blissbakery.es\/en\/wp-json\/wp\/v2\/product"}],"about":[{"href":"https:\/\/blissbakery.es\/en\/wp-json\/wp\/v2\/types\/product"}],"wp:featuredmedia":[{"embeddable":true,"href":"https:\/\/blissbakery.es\/en\/wp-json\/wp\/v2\/media\/1721"}],"wp:attachment":[{"href":"https:\/\/blissbakery.es\/en\/wp-json\/wp\/v2\/media?parent=620"}],"wp:term":[{"taxonomy":"product_brand","embeddable":true,"href":"https:\/\/blissbakery.es\/en\/wp-json\/wp\/v2\/product_brand?post=620"},{"taxonomy":"product_cat","embeddable":true,"href":"https:\/\/blissbakery.es\/en\/wp-json\/wp\/v2\/product_cat?post=620"},{"taxonomy":"product_tag","embeddable":true,"href":"https:\/\/blissbakery.es\/en\/wp-json\/wp\/v2\/product_tag?post=620"}],"curies":[{"name":"wp","href":"https:\/\/api.w.org\/{rel}","templated":true}]}}