{"id":621,"date":"2024-10-10T01:16:25","date_gmt":"2024-10-09T23:16:25","guid":{"rendered":"https:\/\/blissbakery.es\/producto\/banoffee\/"},"modified":"2025-09-22T16:08:51","modified_gmt":"2025-09-22T14:08:51","slug":"banoffee","status":"publish","type":"product","link":"https:\/\/blissbakery.es\/en\/product\/banoffee\/","title":{"rendered":"Mostach\u00f3n Banoffee"},"content":{"rendered":"<p>Los sabores de un banoffe, de una forma diferente: Base crujiente de merengue horneado con nueces y galletas saladas, crema ligera de queso y dulce de leche cubierta de l\u00e1minas de pl\u00e1tano.<\/p>\n<h5>Al\u00e9rgenos: huevo, gluten, l\u00e1cteos y frutos secos. Puede contener trazas de s\u00e9samo.<\/h5>","protected":false},"excerpt":{"rendered":"<p>Los sabores de un banoffe, de una forma diferente: Base crujiente de merengue horneado con nueces y galletas saladas, crema ligera de queso y dulce de leche cubierta de l\u00e1minas de pl\u00e1tano.<\/p>\n<h5>Al\u00e9rgenos: huevo, gluten, l\u00e1cteos y frutos secos. Puede contener trazas de s\u00e9samo.<\/h5>","protected":false},"featured_media":1700,"template":"","meta":[],"product_brand":[],"product_cat":[25],"product_tag":[],"class_list":{"0":"post-621","1":"product","2":"type-product","3":"status-publish","4":"has-post-thumbnail","6":"product_cat-tartas","8":"first","9":"instock","10":"taxable","11":"shipping-taxable","12":"purchasable","13":"product-type-simple"},"_links":{"self":[{"href":"https:\/\/blissbakery.es\/en\/wp-json\/wp\/v2\/product\/621","targetHints":{"allow":["GET"]}}],"collection":[{"href":"https:\/\/blissbakery.es\/en\/wp-json\/wp\/v2\/product"}],"about":[{"href":"https:\/\/blissbakery.es\/en\/wp-json\/wp\/v2\/types\/product"}],"wp:featuredmedia":[{"embeddable":true,"href":"https:\/\/blissbakery.es\/en\/wp-json\/wp\/v2\/media\/1700"}],"wp:attachment":[{"href":"https:\/\/blissbakery.es\/en\/wp-json\/wp\/v2\/media?parent=621"}],"wp:term":[{"taxonomy":"product_brand","embeddable":true,"href":"https:\/\/blissbakery.es\/en\/wp-json\/wp\/v2\/product_brand?post=621"},{"taxonomy":"product_cat","embeddable":true,"href":"https:\/\/blissbakery.es\/en\/wp-json\/wp\/v2\/product_cat?post=621"},{"taxonomy":"product_tag","embeddable":true,"href":"https:\/\/blissbakery.es\/en\/wp-json\/wp\/v2\/product_tag?post=621"}],"curies":[{"name":"wp","href":"https:\/\/api.w.org\/{rel}","templated":true}]}}