{"id":626,"date":"2024-10-10T01:16:26","date_gmt":"2024-10-09T23:16:26","guid":{"rendered":"https:\/\/blissbakery.es\/producto\/mini-cookies-de-chocolate\/"},"modified":"2025-09-22T15:47:19","modified_gmt":"2025-09-22T13:47:19","slug":"mini-chocolate-cookies","status":"publish","type":"product","link":"https:\/\/blissbakery.es\/en\/product\/mini-chocolate-cookies\/","title":{"rendered":"Cookie bucket"},"content":{"rendered":"<p>Botecito relleno de 12 mini cookies s\u00faper suavecitas de mantequilla con chispas de chocolate.<\/p>\n<h5>Al\u00e9rgenos: huevo, gluten, l\u00e1cteos. Puede contener trazas de s\u00e9samo, soja y frutos secos.<\/h5>","protected":false},"excerpt":{"rendered":"<p>Botecito relleno de 12 mini cookies s\u00faper suavecitas de mantequilla con chispas de chocolate.<\/p>\n<h5>Al\u00e9rgenos: huevo, gluten, l\u00e1cteos. Puede contener trazas de s\u00e9samo, soja y frutos secos.<\/h5>","protected":false},"featured_media":1744,"template":"","meta":[],"product_brand":[],"product_cat":[28],"product_tag":[],"class_list":{"0":"post-626","1":"product","2":"type-product","3":"status-publish","4":"has-post-thumbnail","6":"product_cat-otros","8":"first","9":"instock","10":"taxable","11":"shipping-taxable","12":"purchasable","13":"product-type-simple"},"_links":{"self":[{"href":"https:\/\/blissbakery.es\/en\/wp-json\/wp\/v2\/product\/626","targetHints":{"allow":["GET"]}}],"collection":[{"href":"https:\/\/blissbakery.es\/en\/wp-json\/wp\/v2\/product"}],"about":[{"href":"https:\/\/blissbakery.es\/en\/wp-json\/wp\/v2\/types\/product"}],"wp:featuredmedia":[{"embeddable":true,"href":"https:\/\/blissbakery.es\/en\/wp-json\/wp\/v2\/media\/1744"}],"wp:attachment":[{"href":"https:\/\/blissbakery.es\/en\/wp-json\/wp\/v2\/media?parent=626"}],"wp:term":[{"taxonomy":"product_brand","embeddable":true,"href":"https:\/\/blissbakery.es\/en\/wp-json\/wp\/v2\/product_brand?post=626"},{"taxonomy":"product_cat","embeddable":true,"href":"https:\/\/blissbakery.es\/en\/wp-json\/wp\/v2\/product_cat?post=626"},{"taxonomy":"product_tag","embeddable":true,"href":"https:\/\/blissbakery.es\/en\/wp-json\/wp\/v2\/product_tag?post=626"}],"curies":[{"name":"wp","href":"https:\/\/api.w.org\/{rel}","templated":true}]}}