{"id":627,"date":"2024-10-10T01:16:26","date_gmt":"2024-10-09T23:16:26","guid":{"rendered":"https:\/\/blissbakery.es\/producto\/tiramisu\/"},"modified":"2025-12-09T14:01:22","modified_gmt":"2025-12-09T13:01:22","slug":"tiramisu","status":"publish","type":"product","link":"https:\/\/blissbakery.es\/en\/product\/tiramisu\/","title":{"rendered":"Tiramisu"},"content":{"rendered":"<p>Un cl\u00e1sico y el favorito de todos los amantes del caf\u00e9. Compuesto por una mousse ligera de mascarpone y bizcocho ba\u00f1ado con un alm\u00edbar de caf\u00e9. Apto para los m\u00e1s peques: sin licor ni cafe\u00edna.<\/p>\n<h5>Al\u00e9rgenos: huevo, gluten, l\u00e1cteos. Puede contener trazas de s\u00e9samo y frutos secos.<\/h5>","protected":false},"excerpt":{"rendered":"<p>Un cl\u00e1sico y el favorito de todos los amantes del caf\u00e9. Compuesto por una mousse ligera de mascarpone y bizcocho ba\u00f1ado con un alm\u00edbar de caf\u00e9. Apto para los m\u00e1s peques: sin licor ni cafe\u00edna.<\/p>\n<h5>Al\u00e9rgenos: huevo, gluten, l\u00e1cteos. Puede contener trazas de s\u00e9samo y frutos secos.<\/h5>","protected":false},"featured_media":773,"template":"","meta":[],"product_brand":[],"product_cat":[25],"product_tag":[],"class_list":{"0":"post-627","1":"product","2":"type-product","3":"status-publish","4":"has-post-thumbnail","6":"product_cat-tartas","8":"first","9":"instock","10":"taxable","11":"shipping-taxable","12":"purchasable","13":"product-type-simple"},"_links":{"self":[{"href":"https:\/\/blissbakery.es\/en\/wp-json\/wp\/v2\/product\/627","targetHints":{"allow":["GET"]}}],"collection":[{"href":"https:\/\/blissbakery.es\/en\/wp-json\/wp\/v2\/product"}],"about":[{"href":"https:\/\/blissbakery.es\/en\/wp-json\/wp\/v2\/types\/product"}],"wp:featuredmedia":[{"embeddable":true,"href":"https:\/\/blissbakery.es\/en\/wp-json\/wp\/v2\/media\/773"}],"wp:attachment":[{"href":"https:\/\/blissbakery.es\/en\/wp-json\/wp\/v2\/media?parent=627"}],"wp:term":[{"taxonomy":"product_brand","embeddable":true,"href":"https:\/\/blissbakery.es\/en\/wp-json\/wp\/v2\/product_brand?post=627"},{"taxonomy":"product_cat","embeddable":true,"href":"https:\/\/blissbakery.es\/en\/wp-json\/wp\/v2\/product_cat?post=627"},{"taxonomy":"product_tag","embeddable":true,"href":"https:\/\/blissbakery.es\/en\/wp-json\/wp\/v2\/product_tag?post=627"}],"curies":[{"name":"wp","href":"https:\/\/api.w.org\/{rel}","templated":true}]}}