{"id":628,"date":"2024-10-10T01:16:26","date_gmt":"2024-10-09T23:16:26","guid":{"rendered":"https:\/\/blissbakery.es\/producto\/brownie\/"},"modified":"2025-12-01T14:26:36","modified_gmt":"2025-12-01T13:26:36","slug":"brownie","status":"publish","type":"product","link":"https:\/\/blissbakery.es\/en\/product\/brownie\/","title":{"rendered":"Brownie"},"content":{"rendered":"<p>Para los amantes del chocolate: 12 unidades de brownie de chocolate 60% cacao.<\/p>\n<h5>Al\u00e9rgenos: huevo, gluten, l\u00e1cteos. Puede contener trazas de s\u00e9samo, soja y frutos secos.<\/h5>","protected":false},"excerpt":{"rendered":"<p>Para los amantes del chocolate: 12 unidades de brownie de chocolate 60% cacao.<\/p>\n<h5>Al\u00e9rgenos: huevo, gluten, l\u00e1cteos. Puede contener trazas de s\u00e9samo, soja y frutos secos.<\/h5>","protected":false},"featured_media":1748,"template":"","meta":[],"product_brand":[],"product_cat":[28],"product_tag":[],"class_list":{"0":"post-628","1":"product","2":"type-product","3":"status-publish","4":"has-post-thumbnail","6":"product_cat-otros","8":"first","9":"instock","10":"taxable","11":"shipping-taxable","12":"purchasable","13":"product-type-simple"},"_links":{"self":[{"href":"https:\/\/blissbakery.es\/en\/wp-json\/wp\/v2\/product\/628","targetHints":{"allow":["GET"]}}],"collection":[{"href":"https:\/\/blissbakery.es\/en\/wp-json\/wp\/v2\/product"}],"about":[{"href":"https:\/\/blissbakery.es\/en\/wp-json\/wp\/v2\/types\/product"}],"wp:featuredmedia":[{"embeddable":true,"href":"https:\/\/blissbakery.es\/en\/wp-json\/wp\/v2\/media\/1748"}],"wp:attachment":[{"href":"https:\/\/blissbakery.es\/en\/wp-json\/wp\/v2\/media?parent=628"}],"wp:term":[{"taxonomy":"product_brand","embeddable":true,"href":"https:\/\/blissbakery.es\/en\/wp-json\/wp\/v2\/product_brand?post=628"},{"taxonomy":"product_cat","embeddable":true,"href":"https:\/\/blissbakery.es\/en\/wp-json\/wp\/v2\/product_cat?post=628"},{"taxonomy":"product_tag","embeddable":true,"href":"https:\/\/blissbakery.es\/en\/wp-json\/wp\/v2\/product_tag?post=628"}],"curies":[{"name":"wp","href":"https:\/\/api.w.org\/{rel}","templated":true}]}}