{"id":778,"date":"2024-10-10T19:10:45","date_gmt":"2024-10-10T17:10:45","guid":{"rendered":"https:\/\/blissbakery.es\/?post_type=product&#038;p=778"},"modified":"2024-10-10T21:48:26","modified_gmt":"2024-10-10T19:48:26","slug":"personalised-cakes","status":"publish","type":"product","link":"https:\/\/blissbakery.es\/en\/product\/personalised-cakes\/","title":{"rendered":"Personalised Cakes"},"content":{"rendered":"<p>At <strong>Bliss Bakery<\/strong>, sabemos que cada celebraci\u00f3n es especial y \u00fanica, y por eso ofrecemos <strong>personalised cakes<\/strong> que se adaptan a tus gustos y a la ocasi\u00f3n. Ya sea para un cumplea\u00f1os, una boda, un aniversario o cualquier evento importante, nuestras tartas est\u00e1n dise\u00f1adas para reflejar tu estilo y sorprender a todos tus invitados.<\/p>","protected":false},"excerpt":{"rendered":"<p>At <strong>Bliss Bakery<\/strong>, sabemos que cada celebraci\u00f3n es especial y \u00fanica, y por eso ofrecemos <strong>personalised cakes<\/strong> que se adaptan a tus gustos y a la ocasi\u00f3n. Ya sea para un cumplea\u00f1os, una boda, un aniversario o cualquier evento importante, nuestras tartas est\u00e1n dise\u00f1adas para reflejar tu estilo y sorprender a todos tus invitados.<\/p>","protected":false},"featured_media":779,"template":"","meta":[],"product_brand":[],"product_cat":[31],"product_tag":[],"class_list":{"0":"post-778","1":"product","2":"type-product","3":"status-publish","4":"has-post-thumbnail","6":"product_cat-tartas-personalizadas","8":"first","9":"instock","10":"taxable","11":"shipping-taxable","12":"product-type-external"},"_links":{"self":[{"href":"https:\/\/blissbakery.es\/en\/wp-json\/wp\/v2\/product\/778","targetHints":{"allow":["GET"]}}],"collection":[{"href":"https:\/\/blissbakery.es\/en\/wp-json\/wp\/v2\/product"}],"about":[{"href":"https:\/\/blissbakery.es\/en\/wp-json\/wp\/v2\/types\/product"}],"wp:featuredmedia":[{"embeddable":true,"href":"https:\/\/blissbakery.es\/en\/wp-json\/wp\/v2\/media\/779"}],"wp:attachment":[{"href":"https:\/\/blissbakery.es\/en\/wp-json\/wp\/v2\/media?parent=778"}],"wp:term":[{"taxonomy":"product_brand","embeddable":true,"href":"https:\/\/blissbakery.es\/en\/wp-json\/wp\/v2\/product_brand?post=778"},{"taxonomy":"product_cat","embeddable":true,"href":"https:\/\/blissbakery.es\/en\/wp-json\/wp\/v2\/product_cat?post=778"},{"taxonomy":"product_tag","embeddable":true,"href":"https:\/\/blissbakery.es\/en\/wp-json\/wp\/v2\/product_tag?post=778"}],"curies":[{"name":"wp","href":"https:\/\/api.w.org\/{rel}","templated":true}]}}